{"id":1549,"date":"2022-09-23T17:30:34","date_gmt":"2022-09-23T17:30:34","guid":{"rendered":"https:\/\/user-76347394-work.colibriwp.com\/etiquetex2021\/?page_id=1549"},"modified":"2022-09-27T13:03:16","modified_gmt":"2022-09-27T18:03:16","slug":"etx-packaging","status":"publish","type":"page","link":"https:\/\/user-76347394-work.colibriwp.com\/etiquetex2021\/etx-packaging\/","title":{"rendered":"ETX PACKAGING"},"content":{"rendered":"\t\t<div data-elementor-type=\"wp-page\" data-elementor-id=\"1549\" class=\"elementor elementor-1549\">\n\t\t\t\t\t\t\t\t\t<section class=\"elementor-section elementor-top-section elementor-element elementor-element-510dedb2 elementor-section-boxed elementor-section-height-default elementor-section-height-default\" data-id=\"510dedb2\" data-element_type=\"section\" data-settings=\"{&quot;background_background&quot;:&quot;classic&quot;}\">\n\t\t\t\t\t\t<div class=\"elementor-container elementor-column-gap-default\">\n\t\t\t\t\t<div class=\"elementor-column elementor-col-100 elementor-top-column elementor-element elementor-element-415dd458\" data-id=\"415dd458\" data-element_type=\"column\">\n\t\t\t<div class=\"elementor-widget-wrap elementor-element-populated\">\n\t\t\t\t\t\t\t\t<div class=\"elementor-element elementor-element-5d84e0c elementor-widget elementor-widget-heading\" data-id=\"5d84e0c\" data-element_type=\"widget\" data-widget_type=\"heading.default\">\n\t\t\t\t<div class=\"elementor-widget-container\">\n\t\t\t<h1 class=\"elementor-heading-title elementor-size-large\">Packaging <strong>shopping bags\/envases\/contenedores.<\/strong><\/h1>\t\t<\/div>\n\t\t\t\t<\/div>\n\t\t\t\t<div class=\"elementor-element elementor-element-61581fcc elementor-widget elementor-widget-image\" data-id=\"61581fcc\" data-element_type=\"widget\" data-widget_type=\"image.default\">\n\t\t\t\t<div class=\"elementor-widget-container\">\n\t\t\t\t\t\t\t\t\t\t\t\t\t\t\t<img loading=\"lazy\" decoding=\"async\" width=\"300\" height=\"300\" src=\"https:\/\/user-76347394-work.colibriwp.com\/etiquetex2021\/wp-content\/uploads\/2022\/09\/FOTOS-WEB-40-300x300.jpg\" class=\"attachment-medium size-medium\" alt=\"\" srcset=\"https:\/\/user-76347394-work.colibriwp.com\/etiquetex2021\/wp-content\/uploads\/2022\/09\/FOTOS-WEB-40-300x300.jpg 300w, https:\/\/user-76347394-work.colibriwp.com\/etiquetex2021\/wp-content\/uploads\/2022\/09\/FOTOS-WEB-40-1024x1024.jpg 1024w, https:\/\/user-76347394-work.colibriwp.com\/etiquetex2021\/wp-content\/uploads\/2022\/09\/FOTOS-WEB-40-150x150.jpg 150w, https:\/\/user-76347394-work.colibriwp.com\/etiquetex2021\/wp-content\/uploads\/2022\/09\/FOTOS-WEB-40-768x768.jpg 768w, https:\/\/user-76347394-work.colibriwp.com\/etiquetex2021\/wp-content\/uploads\/2022\/09\/FOTOS-WEB-40-1536x1536.jpg 1536w, https:\/\/user-76347394-work.colibriwp.com\/etiquetex2021\/wp-content\/uploads\/2022\/09\/FOTOS-WEB-40-2048x2048.jpg 2048w\" sizes=\"auto, (max-width: 300px) 100vw, 300px\" \/>\t\t\t\t\t\t\t\t\t\t\t\t\t\t\t<\/div>\n\t\t\t\t<\/div>\n\t\t\t\t<div class=\"elementor-element elementor-element-3bd9727b elementor-widget elementor-widget-text-editor\" data-id=\"3bd9727b\" data-element_type=\"widget\" data-widget_type=\"text-editor.default\">\n\t\t\t\t<div class=\"elementor-widget-container\">\n\t\t\t\t\t\t\t<p>Nos dedicamos al dise\u00f1o de<span>\u00a0<\/span><strong>empaques o packaging a medida<\/strong>. Tu proyecto contar\u00e1 con el respaldo de nuestro personal altamente calificado no solo en materia de dise\u00f1o gr\u00e1fico, sino especializado en el \u00e1rea de Packaging.<\/p><p>Lo que nos da la oportunidad de garantizar un dise\u00f1o innovador, personalizado, original y de calidad, haci\u00e9ndolo resaltar en el mercado objetivo.<\/p>\t\t\t\t\t\t<\/div>\n\t\t\t\t<\/div>\n\t\t\t\t\t<\/div>\n\t\t<\/div>\n\t\t\t\t\t\t\t<\/div>\n\t\t<\/section>\n\t\t\t\t<section class=\"elementor-section elementor-top-section elementor-element elementor-element-1903aca elementor-section-boxed elementor-section-height-default elementor-section-height-default\" data-id=\"1903aca\" data-element_type=\"section\">\n\t\t\t\t\t\t<div class=\"elementor-container elementor-column-gap-default\">\n\t\t\t\t\t<div class=\"elementor-column elementor-col-100 elementor-top-column elementor-element elementor-element-e134410\" data-id=\"e134410\" data-element_type=\"column\">\n\t\t\t<div class=\"elementor-widget-wrap elementor-element-populated\">\n\t\t\t\t\t\t\t\t<div class=\"elementor-element elementor-element-0a1ad58 elementor-arrows-position-inside elementor-pagination-position-outside elementor-widget elementor-widget-image-carousel\" data-id=\"0a1ad58\" data-element_type=\"widget\" data-settings=\"{&quot;slides_to_show&quot;:&quot;3&quot;,&quot;slides_to_scroll&quot;:&quot;1&quot;,&quot;navigation&quot;:&quot;both&quot;,&quot;autoplay&quot;:&quot;yes&quot;,&quot;pause_on_hover&quot;:&quot;yes&quot;,&quot;pause_on_interaction&quot;:&quot;yes&quot;,&quot;autoplay_speed&quot;:5000,&quot;infinite&quot;:&quot;yes&quot;,&quot;speed&quot;:500}\" data-widget_type=\"image-carousel.default\">\n\t\t\t\t<div class=\"elementor-widget-container\">\n\t\t\t\t\t<div class=\"elementor-image-carousel-wrapper swiper-container\" dir=\"ltr\">\n\t\t\t<div class=\"elementor-image-carousel swiper-wrapper\">\n\t\t\t\t\t\t\t\t<div class=\"swiper-slide\"><a data-elementor-open-lightbox=\"yes\" data-elementor-lightbox-slideshow=\"0a1ad58\" data-elementor-lightbox-title=\"SEPTIEMBRE1-05\" e-action-hash=\"#elementor-action%3Aaction%3Dlightbox%26settings%3DeyJpZCI6MTM0MSwidXJsIjoiaHR0cHM6XC9cL3VzZXItNzYzNDczOTQtd29yay5jb2xpYnJpd3AuY29tXC9ldGlxdWV0ZXgyMDIxXC93cC1jb250ZW50XC91cGxvYWRzXC8yMDIyXC8wOVwvU0VQVElFTUJSRTEtMDUuanBnIiwic2xpZGVzaG93IjoiMGExYWQ1OCJ9\" href=\"https:\/\/user-76347394-work.colibriwp.com\/etiquetex2021\/wp-content\/uploads\/2022\/09\/SEPTIEMBRE1-05.jpg\"><figure class=\"swiper-slide-inner\"><img decoding=\"async\" class=\"swiper-slide-image\" src=\"https:\/\/user-76347394-work.colibriwp.com\/etiquetex2021\/wp-content\/uploads\/2022\/09\/SEPTIEMBRE1-05.jpg\" alt=\"SEPTIEMBRE1-05\" \/><\/figure><\/a><\/div><div class=\"swiper-slide\"><a data-elementor-open-lightbox=\"yes\" data-elementor-lightbox-slideshow=\"0a1ad58\" data-elementor-lightbox-title=\"FOTOS WEB-40\" e-action-hash=\"#elementor-action%3Aaction%3Dlightbox%26settings%3DeyJpZCI6MTM5OCwidXJsIjoiaHR0cHM6XC9cL3VzZXItNzYzNDczOTQtd29yay5jb2xpYnJpd3AuY29tXC9ldGlxdWV0ZXgyMDIxXC93cC1jb250ZW50XC91cGxvYWRzXC8yMDIyXC8wOVwvRk9UT1MtV0VCLTQwLmpwZyIsInNsaWRlc2hvdyI6IjBhMWFkNTgifQ%3D%3D\" href=\"https:\/\/user-76347394-work.colibriwp.com\/etiquetex2021\/wp-content\/uploads\/2022\/09\/FOTOS-WEB-40.jpg\"><figure class=\"swiper-slide-inner\"><img decoding=\"async\" class=\"swiper-slide-image\" src=\"https:\/\/user-76347394-work.colibriwp.com\/etiquetex2021\/wp-content\/uploads\/2022\/09\/FOTOS-WEB-40-1024x1024.jpg\" alt=\"FOTOS WEB-40\" \/><\/figure><\/a><\/div><div class=\"swiper-slide\"><a data-elementor-open-lightbox=\"yes\" data-elementor-lightbox-slideshow=\"0a1ad58\" data-elementor-lightbox-title=\"FOTOS WEB-22\" e-action-hash=\"#elementor-action%3Aaction%3Dlightbox%26settings%3DeyJpZCI6ODgzLCJ1cmwiOiJodHRwczpcL1wvdXNlci03NjM0NzM5NC13b3JrLmNvbGlicml3cC5jb21cL2V0aXF1ZXRleDIwMjFcL3dwLWNvbnRlbnRcL3VwbG9hZHNcLzIwMjFcLzEyXC9GT1RPUy1XRUItMjIuanBnIiwic2xpZGVzaG93IjoiMGExYWQ1OCJ9\" href=\"https:\/\/user-76347394-work.colibriwp.com\/etiquetex2021\/wp-content\/uploads\/2021\/12\/FOTOS-WEB-22.jpg\"><figure class=\"swiper-slide-inner\"><img decoding=\"async\" class=\"swiper-slide-image\" src=\"https:\/\/user-76347394-work.colibriwp.com\/etiquetex2021\/wp-content\/uploads\/2021\/12\/FOTOS-WEB-22-1024x1024.jpg\" alt=\"FOTOS WEB-22\" \/><\/figure><\/a><\/div>\t\t\t<\/div>\n\t\t\t\t\t\t\t\t\t\t\t\t<div class=\"swiper-pagination\"><\/div>\n\t\t\t\t\t\t\t\t\t\t\t\t\t<div class=\"elementor-swiper-button elementor-swiper-button-prev\">\n\t\t\t\t\t\t<i aria-hidden=\"true\" class=\"eicon-chevron-left\"><\/i>\t\t\t\t\t\t<span class=\"elementor-screen-only\">Previous<\/span>\n\t\t\t\t\t<\/div>\n\t\t\t\t\t<div class=\"elementor-swiper-button elementor-swiper-button-next\">\n\t\t\t\t\t\t<i aria-hidden=\"true\" class=\"eicon-chevron-right\"><\/i>\t\t\t\t\t\t<span class=\"elementor-screen-only\">Next<\/span>\n\t\t\t\t\t<\/div>\n\t\t\t\t\t\t\t\t\t<\/div>\n\t\t\t\t<\/div>\n\t\t\t\t<\/div>\n\t\t\t\t\t<\/div>\n\t\t<\/div>\n\t\t\t\t\t\t\t<\/div>\n\t\t<\/section>\n\t\t\t\t<section class=\"elementor-section elementor-top-section elementor-element elementor-element-44ae209e elementor-section-content-middle elementor-section-boxed elementor-section-height-default elementor-section-height-default\" data-id=\"44ae209e\" data-element_type=\"section\" data-settings=\"{&quot;background_background&quot;:&quot;classic&quot;}\">\n\t\t\t\t\t\t<div class=\"elementor-container elementor-column-gap-default\">\n\t\t\t\t\t<div class=\"elementor-column elementor-col-50 elementor-top-column elementor-element elementor-element-1752bf09\" data-id=\"1752bf09\" data-element_type=\"column\">\n\t\t\t<div class=\"elementor-widget-wrap elementor-element-populated\">\n\t\t\t\t\t\t\t\t<div class=\"elementor-element elementor-element-5f1a72 elementor-widget elementor-widget-heading\" data-id=\"5f1a72\" data-element_type=\"widget\" data-widget_type=\"heading.default\">\n\t\t\t\t<div class=\"elementor-widget-container\">\n\t\t\t<h3 class=\"elementor-heading-title elementor-size-large\">Dise\u00f1o<\/h3>\t\t<\/div>\n\t\t\t\t<\/div>\n\t\t\t\t<div class=\"elementor-element elementor-element-e8a1fa6 elementor-widget elementor-widget-text-editor\" data-id=\"e8a1fa6\" data-element_type=\"widget\" data-widget_type=\"text-editor.default\">\n\t\t\t\t<div class=\"elementor-widget-container\">\n\t\t\t\t\t\t\t<ul><li><p>Crear tus productos, ya sea para identificar tus pertenencias o dar a conocer tu marca, es muy sencillo.<\/p><\/li><li><p>El primer paso a seguir es elegir el tama\u00f1o, material c\u00f3mo <strong>cart\u00f3n, papel, cartulina, pl\u00e1stico<\/strong>\u00a0en el que deseas que tus productos lleguen a tus clientes.<\/p><\/li><\/ul>\t\t\t\t\t\t<\/div>\n\t\t\t\t<\/div>\n\t\t\t\t\t<\/div>\n\t\t<\/div>\n\t\t\t\t<div class=\"elementor-column elementor-col-50 elementor-top-column elementor-element elementor-element-b4c6eb5\" data-id=\"b4c6eb5\" data-element_type=\"column\">\n\t\t\t<div class=\"elementor-widget-wrap elementor-element-populated\">\n\t\t\t\t\t\t\t\t<div class=\"elementor-element elementor-element-52624182 elementor-widget elementor-widget-text-editor\" data-id=\"52624182\" data-element_type=\"widget\" data-widget_type=\"text-editor.default\">\n\t\t\t\t<div class=\"elementor-widget-container\">\n\t\t\t\t\t\t\t<ul><li>Seguidamente puedes escoger el tipo de acabado que deseas para complementar el envase de tu producto.<\/li><li>Ser creativo, es lo que te ayudar\u00e1 a diferenciarte de la competencia.<\/li><li>Tener engagement, para ayudar a fidelizar a los consumidores a tu marca.<\/li><li>Funcional, de f\u00e1cil manipulaci\u00f3n para el cliente.<\/li><li>Est\u00e9tico, encontrar la combinaci\u00f3n perfecta entre dise\u00f1o, colores y tipograf\u00eda.<\/li><\/ul>\t\t\t\t\t\t<\/div>\n\t\t\t\t<\/div>\n\t\t\t\t\t<\/div>\n\t\t<\/div>\n\t\t\t\t\t\t\t<\/div>\n\t\t<\/section>\n\t\t\t\t\t\t\t<\/div>\n\t\t","protected":false},"excerpt":{"rendered":"<p>Packaging shopping bags\/envases\/contenedores. Nos dedicamos al dise\u00f1o de\u00a0empaques o packaging a medida. Tu proyecto contar\u00e1 con el respaldo de nuestro personal altamente calificado no solo en materia de dise\u00f1o gr\u00e1fico, sino especializado en el \u00e1rea de Packaging. Lo que nos da la oportunidad de garantizar un dise\u00f1o innovador, personalizado, original [&hellip;]<\/p>\n","protected":false},"author":1,"featured_media":0,"parent":0,"menu_order":0,"comment_status":"closed","ping_status":"closed","template":"elementor_header_footer","meta":{"_joinchat":[],"footnotes":""},"class_list":["post-1549","page","type-page","status-publish","hentry"],"_links":{"self":[{"href":"https:\/\/user-76347394-work.colibriwp.com\/etiquetex2021\/wp-json\/wp\/v2\/pages\/1549","targetHints":{"allow":["GET"]}}],"collection":[{"href":"https:\/\/user-76347394-work.colibriwp.com\/etiquetex2021\/wp-json\/wp\/v2\/pages"}],"about":[{"href":"https:\/\/user-76347394-work.colibriwp.com\/etiquetex2021\/wp-json\/wp\/v2\/types\/page"}],"author":[{"embeddable":true,"href":"https:\/\/user-76347394-work.colibriwp.com\/etiquetex2021\/wp-json\/wp\/v2\/users\/1"}],"replies":[{"embeddable":true,"href":"https:\/\/user-76347394-work.colibriwp.com\/etiquetex2021\/wp-json\/wp\/v2\/comments?post=1549"}],"version-history":[{"count":19,"href":"https:\/\/user-76347394-work.colibriwp.com\/etiquetex2021\/wp-json\/wp\/v2\/pages\/1549\/revisions"}],"predecessor-version":[{"id":1750,"href":"https:\/\/user-76347394-work.colibriwp.com\/etiquetex2021\/wp-json\/wp\/v2\/pages\/1549\/revisions\/1750"}],"wp:attachment":[{"href":"https:\/\/user-76347394-work.colibriwp.com\/etiquetex2021\/wp-json\/wp\/v2\/media?parent=1549"}],"curies":[{"name":"wp","href":"https:\/\/api.w.org\/{rel}","templated":true}]}}