{"id":1603,"date":"2022-09-23T19:38:34","date_gmt":"2022-09-23T19:38:34","guid":{"rendered":"https:\/\/user-76347394-work.colibriwp.com\/etiquetex2021\/?page_id=1603"},"modified":"2022-09-28T09:00:29","modified_gmt":"2022-09-28T14:00:29","slug":"etx-colgantes","status":"publish","type":"page","link":"https:\/\/user-76347394-work.colibriwp.com\/etiquetex2021\/etx-colgantes\/","title":{"rendered":"ETX COLGANTES"},"content":{"rendered":"\t\t<div data-elementor-type=\"wp-page\" data-elementor-id=\"1603\" class=\"elementor elementor-1603\">\n\t\t\t\t\t\t\t\t\t<section class=\"elementor-section elementor-top-section elementor-element elementor-element-510dedb2 elementor-section-boxed elementor-section-height-default elementor-section-height-default\" data-id=\"510dedb2\" data-element_type=\"section\" data-settings=\"{&quot;background_background&quot;:&quot;classic&quot;}\">\n\t\t\t\t\t\t<div class=\"elementor-container elementor-column-gap-default\">\n\t\t\t\t\t<div class=\"elementor-column elementor-col-100 elementor-top-column elementor-element elementor-element-415dd458\" data-id=\"415dd458\" data-element_type=\"column\">\n\t\t\t<div class=\"elementor-widget-wrap elementor-element-populated\">\n\t\t\t\t\t\t\t\t<div class=\"elementor-element elementor-element-5d84e0c elementor-widget elementor-widget-heading\" data-id=\"5d84e0c\" data-element_type=\"widget\" data-widget_type=\"heading.default\">\n\t\t\t\t<div class=\"elementor-widget-container\">\n\t\t\t<h1 class=\"elementor-heading-title elementor-size-large\">Etiquetas <strong>hangtag\/colgantes<\/strong><\/h1>\t\t<\/div>\n\t\t\t\t<\/div>\n\t\t\t\t<div class=\"elementor-element elementor-element-61581fcc elementor-widget elementor-widget-image\" data-id=\"61581fcc\" data-element_type=\"widget\" data-widget_type=\"image.default\">\n\t\t\t\t<div class=\"elementor-widget-container\">\n\t\t\t\t\t\t\t\t\t\t\t\t\t\t\t<img loading=\"lazy\" decoding=\"async\" width=\"300\" height=\"300\" src=\"https:\/\/user-76347394-work.colibriwp.com\/etiquetex2021\/wp-content\/uploads\/2022\/09\/FOTOS-WEB-48-300x300.jpg\" class=\"attachment-medium size-medium\" alt=\"\" srcset=\"https:\/\/user-76347394-work.colibriwp.com\/etiquetex2021\/wp-content\/uploads\/2022\/09\/FOTOS-WEB-48-300x300.jpg 300w, https:\/\/user-76347394-work.colibriwp.com\/etiquetex2021\/wp-content\/uploads\/2022\/09\/FOTOS-WEB-48-1024x1024.jpg 1024w, https:\/\/user-76347394-work.colibriwp.com\/etiquetex2021\/wp-content\/uploads\/2022\/09\/FOTOS-WEB-48-150x150.jpg 150w, https:\/\/user-76347394-work.colibriwp.com\/etiquetex2021\/wp-content\/uploads\/2022\/09\/FOTOS-WEB-48-768x768.jpg 768w, https:\/\/user-76347394-work.colibriwp.com\/etiquetex2021\/wp-content\/uploads\/2022\/09\/FOTOS-WEB-48-1536x1536.jpg 1536w, https:\/\/user-76347394-work.colibriwp.com\/etiquetex2021\/wp-content\/uploads\/2022\/09\/FOTOS-WEB-48-2048x2048.jpg 2048w\" sizes=\"auto, (max-width: 300px) 100vw, 300px\" \/>\t\t\t\t\t\t\t\t\t\t\t\t\t\t\t<\/div>\n\t\t\t\t<\/div>\n\t\t\t\t<div class=\"elementor-element elementor-element-3bd9727b elementor-widget elementor-widget-text-editor\" data-id=\"3bd9727b\" data-element_type=\"widget\" data-widget_type=\"text-editor.default\">\n\t\t\t\t<div class=\"elementor-widget-container\">\n\t\t\t\t\t\t\t<p><span>Nuestras\u00a0<\/span><strong>etiquetas hang tag<\/strong> est\u00e1n<strong> personalizadas<\/strong><span> <\/span><span><strong>100%<\/strong>.<\/span><\/p><p>Las etiquetas colgantes para <strong>Ropa (Hang Tag)<\/strong>, son el realce justo para colocar y diferenciar t\u00fa marca, mostrando las principales cualidades y generando un v\u00ednculo emocional con su cliente.<\/p>\t\t\t\t\t\t<\/div>\n\t\t\t\t<\/div>\n\t\t\t\t\t<\/div>\n\t\t<\/div>\n\t\t\t\t\t\t\t<\/div>\n\t\t<\/section>\n\t\t\t\t<section class=\"elementor-section elementor-top-section elementor-element elementor-element-1903aca elementor-section-boxed elementor-section-height-default elementor-section-height-default\" data-id=\"1903aca\" data-element_type=\"section\">\n\t\t\t\t\t\t<div class=\"elementor-container elementor-column-gap-default\">\n\t\t\t\t\t<div class=\"elementor-column elementor-col-100 elementor-top-column elementor-element elementor-element-e134410\" data-id=\"e134410\" data-element_type=\"column\">\n\t\t\t<div class=\"elementor-widget-wrap elementor-element-populated\">\n\t\t\t\t\t\t\t\t<div class=\"elementor-element elementor-element-0a1ad58 elementor-arrows-position-inside elementor-pagination-position-outside elementor-widget elementor-widget-image-carousel\" data-id=\"0a1ad58\" data-element_type=\"widget\" data-settings=\"{&quot;slides_to_show&quot;:&quot;3&quot;,&quot;slides_to_scroll&quot;:&quot;1&quot;,&quot;navigation&quot;:&quot;both&quot;,&quot;autoplay&quot;:&quot;yes&quot;,&quot;pause_on_hover&quot;:&quot;yes&quot;,&quot;pause_on_interaction&quot;:&quot;yes&quot;,&quot;autoplay_speed&quot;:5000,&quot;infinite&quot;:&quot;yes&quot;,&quot;speed&quot;:500}\" data-widget_type=\"image-carousel.default\">\n\t\t\t\t<div class=\"elementor-widget-container\">\n\t\t\t\t\t<div class=\"elementor-image-carousel-wrapper swiper-container\" dir=\"ltr\">\n\t\t\t<div class=\"elementor-image-carousel swiper-wrapper\">\n\t\t\t\t\t\t\t\t<div class=\"swiper-slide\"><a data-elementor-open-lightbox=\"yes\" data-elementor-lightbox-slideshow=\"0a1ad58\" data-elementor-lightbox-title=\"FOTOS WEB-48\" e-action-hash=\"#elementor-action%3Aaction%3Dlightbox%26settings%3DeyJpZCI6MTA4MiwidXJsIjoiaHR0cHM6XC9cL3VzZXItNzYzNDczOTQtd29yay5jb2xpYnJpd3AuY29tXC9ldGlxdWV0ZXgyMDIxXC93cC1jb250ZW50XC91cGxvYWRzXC8yMDIyXC8wOVwvRk9UT1MtV0VCLTQ4LmpwZyIsInNsaWRlc2hvdyI6IjBhMWFkNTgifQ%3D%3D\" href=\"https:\/\/user-76347394-work.colibriwp.com\/etiquetex2021\/wp-content\/uploads\/2022\/09\/FOTOS-WEB-48.jpg\"><figure class=\"swiper-slide-inner\"><img decoding=\"async\" class=\"swiper-slide-image\" src=\"https:\/\/user-76347394-work.colibriwp.com\/etiquetex2021\/wp-content\/uploads\/2022\/09\/FOTOS-WEB-48-1024x1024.jpg\" alt=\"FOTOS WEB-48\" \/><\/figure><\/a><\/div><div class=\"swiper-slide\"><a data-elementor-open-lightbox=\"yes\" data-elementor-lightbox-slideshow=\"0a1ad58\" data-elementor-lightbox-title=\"FOTOS WEB-33\" e-action-hash=\"#elementor-action%3Aaction%3Dlightbox%26settings%3DeyJpZCI6ODk0LCJ1cmwiOiJodHRwczpcL1wvdXNlci03NjM0NzM5NC13b3JrLmNvbGlicml3cC5jb21cL2V0aXF1ZXRleDIwMjFcL3dwLWNvbnRlbnRcL3VwbG9hZHNcLzIwMjFcLzEyXC9GT1RPUy1XRUItMzMuanBnIiwic2xpZGVzaG93IjoiMGExYWQ1OCJ9\" href=\"https:\/\/user-76347394-work.colibriwp.com\/etiquetex2021\/wp-content\/uploads\/2021\/12\/FOTOS-WEB-33.jpg\"><figure class=\"swiper-slide-inner\"><img decoding=\"async\" class=\"swiper-slide-image\" src=\"https:\/\/user-76347394-work.colibriwp.com\/etiquetex2021\/wp-content\/uploads\/2021\/12\/FOTOS-WEB-33-1024x1024.jpg\" alt=\"FOTOS WEB-33\" \/><\/figure><\/a><\/div><div class=\"swiper-slide\"><a data-elementor-open-lightbox=\"yes\" data-elementor-lightbox-slideshow=\"0a1ad58\" data-elementor-lightbox-title=\"FOTOS WEB-30\" e-action-hash=\"#elementor-action%3Aaction%3Dlightbox%26settings%3DeyJpZCI6ODkxLCJ1cmwiOiJodHRwczpcL1wvdXNlci03NjM0NzM5NC13b3JrLmNvbGlicml3cC5jb21cL2V0aXF1ZXRleDIwMjFcL3dwLWNvbnRlbnRcL3VwbG9hZHNcLzIwMjFcLzEyXC9GT1RPUy1XRUItMzAuanBnIiwic2xpZGVzaG93IjoiMGExYWQ1OCJ9\" href=\"https:\/\/user-76347394-work.colibriwp.com\/etiquetex2021\/wp-content\/uploads\/2021\/12\/FOTOS-WEB-30.jpg\"><figure class=\"swiper-slide-inner\"><img decoding=\"async\" class=\"swiper-slide-image\" src=\"https:\/\/user-76347394-work.colibriwp.com\/etiquetex2021\/wp-content\/uploads\/2021\/12\/FOTOS-WEB-30-1024x1024.jpg\" alt=\"FOTOS WEB-30\" \/><\/figure><\/a><\/div><div class=\"swiper-slide\"><a data-elementor-open-lightbox=\"yes\" data-elementor-lightbox-slideshow=\"0a1ad58\" data-elementor-lightbox-title=\"FOTOS WEB-16\" e-action-hash=\"#elementor-action%3Aaction%3Dlightbox%26settings%3DeyJpZCI6ODc3LCJ1cmwiOiJodHRwczpcL1wvdXNlci03NjM0NzM5NC13b3JrLmNvbGlicml3cC5jb21cL2V0aXF1ZXRleDIwMjFcL3dwLWNvbnRlbnRcL3VwbG9hZHNcLzIwMjFcLzEyXC9GT1RPUy1XRUItMTYuanBnIiwic2xpZGVzaG93IjoiMGExYWQ1OCJ9\" href=\"https:\/\/user-76347394-work.colibriwp.com\/etiquetex2021\/wp-content\/uploads\/2021\/12\/FOTOS-WEB-16.jpg\"><figure class=\"swiper-slide-inner\"><img decoding=\"async\" class=\"swiper-slide-image\" src=\"https:\/\/user-76347394-work.colibriwp.com\/etiquetex2021\/wp-content\/uploads\/2021\/12\/FOTOS-WEB-16-1024x1024.jpg\" alt=\"FOTOS WEB-16\" \/><\/figure><\/a><\/div><div class=\"swiper-slide\"><a data-elementor-open-lightbox=\"yes\" data-elementor-lightbox-slideshow=\"0a1ad58\" data-elementor-lightbox-title=\"FOTOS WEB-05\" e-action-hash=\"#elementor-action%3Aaction%3Dlightbox%26settings%3DeyJpZCI6ODY2LCJ1cmwiOiJodHRwczpcL1wvdXNlci03NjM0NzM5NC13b3JrLmNvbGlicml3cC5jb21cL2V0aXF1ZXRleDIwMjFcL3dwLWNvbnRlbnRcL3VwbG9hZHNcLzIwMjFcLzEyXC9GT1RPUy1XRUItMDUuanBnIiwic2xpZGVzaG93IjoiMGExYWQ1OCJ9\" href=\"https:\/\/user-76347394-work.colibriwp.com\/etiquetex2021\/wp-content\/uploads\/2021\/12\/FOTOS-WEB-05.jpg\"><figure class=\"swiper-slide-inner\"><img decoding=\"async\" class=\"swiper-slide-image\" src=\"https:\/\/user-76347394-work.colibriwp.com\/etiquetex2021\/wp-content\/uploads\/2021\/12\/FOTOS-WEB-05-1024x1024.jpg\" alt=\"FOTOS WEB-05\" \/><\/figure><\/a><\/div>\t\t\t<\/div>\n\t\t\t\t\t\t\t\t\t\t\t\t<div class=\"swiper-pagination\"><\/div>\n\t\t\t\t\t\t\t\t\t\t\t\t\t<div class=\"elementor-swiper-button elementor-swiper-button-prev\">\n\t\t\t\t\t\t<i aria-hidden=\"true\" class=\"eicon-chevron-left\"><\/i>\t\t\t\t\t\t<span class=\"elementor-screen-only\">Previous<\/span>\n\t\t\t\t\t<\/div>\n\t\t\t\t\t<div class=\"elementor-swiper-button elementor-swiper-button-next\">\n\t\t\t\t\t\t<i aria-hidden=\"true\" class=\"eicon-chevron-right\"><\/i>\t\t\t\t\t\t<span class=\"elementor-screen-only\">Next<\/span>\n\t\t\t\t\t<\/div>\n\t\t\t\t\t\t\t\t\t<\/div>\n\t\t\t\t<\/div>\n\t\t\t\t<\/div>\n\t\t\t\t\t<\/div>\n\t\t<\/div>\n\t\t\t\t\t\t\t<\/div>\n\t\t<\/section>\n\t\t\t\t<section class=\"elementor-section elementor-top-section elementor-element elementor-element-44ae209e elementor-section-content-middle elementor-section-boxed elementor-section-height-default elementor-section-height-default\" data-id=\"44ae209e\" data-element_type=\"section\" data-settings=\"{&quot;background_background&quot;:&quot;classic&quot;}\">\n\t\t\t\t\t\t<div class=\"elementor-container elementor-column-gap-default\">\n\t\t\t\t\t<div class=\"elementor-column elementor-col-50 elementor-top-column elementor-element elementor-element-1752bf09\" data-id=\"1752bf09\" data-element_type=\"column\">\n\t\t\t<div class=\"elementor-widget-wrap elementor-element-populated\">\n\t\t\t\t\t\t\t\t<div class=\"elementor-element elementor-element-5f1a72 elementor-widget elementor-widget-heading\" data-id=\"5f1a72\" data-element_type=\"widget\" data-widget_type=\"heading.default\">\n\t\t\t\t<div class=\"elementor-widget-container\">\n\t\t\t<h3 class=\"elementor-heading-title elementor-size-large\">Dise\u00f1o<\/h3>\t\t<\/div>\n\t\t\t\t<\/div>\n\t\t\t\t<div class=\"elementor-element elementor-element-3990e2dc elementor-widget elementor-widget-text-editor\" data-id=\"3990e2dc\" data-element_type=\"widget\" data-widget_type=\"text-editor.default\">\n\t\t\t\t<div class=\"elementor-widget-container\">\n\t\t\t\t\t\t\t<p><span>Cada dise\u00f1o de etiqueta est\u00e1 personalizado al 100%. El material a usar depender\u00e1 del tipo de producto en el que se desea colocar la etiqueta.<\/span><\/p>\t\t\t\t\t\t<\/div>\n\t\t\t\t<\/div>\n\t\t\t\t\t<\/div>\n\t\t<\/div>\n\t\t\t\t<div class=\"elementor-column elementor-col-50 elementor-top-column elementor-element elementor-element-b4c6eb5\" data-id=\"b4c6eb5\" data-element_type=\"column\">\n\t\t\t<div class=\"elementor-widget-wrap elementor-element-populated\">\n\t\t\t\t\t\t\t\t<div class=\"elementor-element elementor-element-52624182 elementor-widget elementor-widget-text-editor\" data-id=\"52624182\" data-element_type=\"widget\" data-widget_type=\"text-editor.default\">\n\t\t\t\t<div class=\"elementor-widget-container\">\n\t\t\t\t\t\t\t<ul><li><span>Nuestras etiquetas hangtag o colgantes, tienen una superficie lisa y tiene un acabado mate o brillante. Debido a que se usan diferentes m\u00e9todos de impresi\u00f3n y de acabados, estas <strong>etiquetas<\/strong> pueden ayudar a que tus productos se vendan de mejor manera, contamos con la experiencia y acreditaci\u00f3n de distintas tiendas departamentales, lo que te garantiza que el producto que vas a obtener tienen las caracter\u00edsticas necesarias del mercado.<\/span><\/li><\/ul>\t\t\t\t\t\t<\/div>\n\t\t\t\t<\/div>\n\t\t\t\t\t<\/div>\n\t\t<\/div>\n\t\t\t\t\t\t\t<\/div>\n\t\t<\/section>\n\t\t\t\t<section class=\"elementor-section elementor-top-section elementor-element elementor-element-fa3d211 elementor-section-content-top elementor-section-height-full elementor-section-items-stretch elementor-section-boxed elementor-section-height-default elementor-invisible\" data-id=\"fa3d211\" data-element_type=\"section\" data-settings=\"{&quot;animation&quot;:&quot;fadeIn&quot;}\">\n\t\t\t\t\t\t<div class=\"elementor-container elementor-column-gap-default\">\n\t\t\t\t\t<div class=\"elementor-column elementor-col-50 elementor-top-column elementor-element elementor-element-ce19f07\" data-id=\"ce19f07\" data-element_type=\"column\">\n\t\t\t<div class=\"elementor-widget-wrap elementor-element-populated\">\n\t\t\t\t\t\t\t\t<div class=\"elementor-element elementor-element-f7908b8 elementor-widget elementor-widget-text-editor\" data-id=\"f7908b8\" data-element_type=\"widget\" data-widget_type=\"text-editor.default\">\n\t\t\t\t<div class=\"elementor-widget-container\">\n\t\t\t\t\t\t\t<p><strong>\u00bfQuieres saber m\u00e1s de nuestras etiquetas?<\/strong><\/p>\t\t\t\t\t\t<\/div>\n\t\t\t\t<\/div>\n\t\t\t\t<div class=\"elementor-element elementor-element-5584e4d elementor-widget elementor-widget-heading\" data-id=\"5584e4d\" data-element_type=\"widget\" data-widget_type=\"heading.default\">\n\t\t\t\t<div class=\"elementor-widget-container\">\n\t\t\t<h2 class=\"elementor-heading-title elementor-size-default\">VISITA NUESTRAS ETIQUETAS<\/h2>\t\t<\/div>\n\t\t\t\t<\/div>\n\t\t\t\t<div class=\"elementor-element elementor-element-4393f1c elementor-widget-divider--view-line elementor-widget elementor-widget-divider\" data-id=\"4393f1c\" data-element_type=\"widget\" data-widget_type=\"divider.default\">\n\t\t\t\t<div class=\"elementor-widget-container\">\n\t\t\t\t\t<div class=\"elementor-divider\">\n\t\t\t<span class=\"elementor-divider-separator\">\n\t\t\t\t\t\t<\/span>\n\t\t<\/div>\n\t\t\t\t<\/div>\n\t\t\t\t<\/div>\n\t\t\t\t<div class=\"elementor-element elementor-element-2ad62c7 elementor-align-center elementor-widget elementor-widget-button\" data-id=\"2ad62c7\" data-element_type=\"widget\" data-widget_type=\"button.default\">\n\t\t\t\t<div class=\"elementor-widget-container\">\n\t\t\t\t\t<div class=\"elementor-button-wrapper\">\n\t\t\t<a href=\"https:\/\/user-76347394-work.colibriwp.com\/etiquetex2021\/solicitar-cotizacion\/\" class=\"elementor-button-link elementor-button elementor-size-md elementor-animation-pop\" role=\"button\">\n\t\t\t\t\t\t<span class=\"elementor-button-content-wrapper\">\n\t\t\t\t\t\t<span class=\"elementor-button-text\">\u00a1COTIZA AQU\u00cd!<\/span>\n\t\t<\/span>\n\t\t\t\t\t<\/a>\n\t\t<\/div>\n\t\t\t\t<\/div>\n\t\t\t\t<\/div>\n\t\t\t\t\t<\/div>\n\t\t<\/div>\n\t\t\t\t<div class=\"elementor-column elementor-col-50 elementor-top-column elementor-element elementor-element-835b15d\" data-id=\"835b15d\" data-element_type=\"column\">\n\t\t\t<div class=\"elementor-widget-wrap elementor-element-populated\">\n\t\t\t\t\t\t\t\t<div class=\"elementor-element elementor-element-7558d3b elementor-star-rating--align-center elementor--star-style-star_fontawesome elementor-widget elementor-widget-star-rating\" data-id=\"7558d3b\" data-element_type=\"widget\" data-widget_type=\"star-rating.default\">\n\t\t\t\t<div class=\"elementor-widget-container\">\n\t\t\t\n\t\t<div class=\"elementor-star-rating__wrapper\">\n\t\t\t\t\t\t<div class=\"elementor-star-rating\" title=\"5\/5\" itemtype=\"http:\/\/schema.org\/Rating\" itemscope=\"\" itemprop=\"reviewRating\"><i class=\"elementor-star-full\">&#xE934;<\/i><i class=\"elementor-star-full\">&#xE934;<\/i><i class=\"elementor-star-full\">&#xE934;<\/i><i class=\"elementor-star-full\">&#xE934;<\/i><i class=\"elementor-star-full\">&#xE934;<\/i> <span itemprop=\"ratingValue\" class=\"elementor-screen-only\">5\/5<\/span><\/div>\t\t<\/div>\n\t\t\t\t<\/div>\n\t\t\t\t<\/div>\n\t\t\t\t<div class=\"elementor-element elementor-element-4c95f97 elementor-position-left elementor-view-default elementor-mobile-position-top elementor-vertical-align-top elementor-widget elementor-widget-icon-box\" data-id=\"4c95f97\" data-element_type=\"widget\" data-widget_type=\"icon-box.default\">\n\t\t\t\t<div class=\"elementor-widget-container\">\n\t\t\t\t\t<div class=\"elementor-icon-box-wrapper\">\n\t\t\t\t\t\t<div class=\"elementor-icon-box-icon\">\n\t\t\t\t<a class=\"elementor-icon elementor-animation-grow\" href=\"https:\/\/user-76347394-work.colibriwp.com\/etiquetex2021\/etx-impresa\/\">\n\t\t\t\t<i aria-hidden=\"true\" class=\"fas fa-tag\"><\/i>\t\t\t\t<\/a>\n\t\t\t<\/div>\n\t\t\t\t\t\t<div class=\"elementor-icon-box-content\">\n\t\t\t\t<h3 class=\"elementor-icon-box-title\">\n\t\t\t\t\t<a href=\"https:\/\/user-76347394-work.colibriwp.com\/etiquetex2021\/etx-impresa\/\" >\n\t\t\t\t\t\tSencillas\t\t\t\t\t<\/a>\n\t\t\t\t<\/h3>\n\t\t\t\t\t\t\t\t\t<p class=\"elementor-icon-box-description\">\n\t\t\t\t\t\tEstas etiquetas son muy populares debido a que est\u00e1n formadas por una sola capa de cartulina pudiendo ser impresas en un lado (tiro) o ambos lados (tiro y retiro). El acabado puede ser mate o brillante, corte recto o troquelado y perforada para una f\u00e1cil aplicaci\u00f3n.\t\t\t\t\t<\/p>\n\t\t\t\t\t\t\t<\/div>\n\t\t<\/div>\n\t\t\t\t<\/div>\n\t\t\t\t<\/div>\n\t\t\t\t<div class=\"elementor-element elementor-element-ee12fda elementor-star-rating--align-center elementor--star-style-star_fontawesome elementor-widget elementor-widget-star-rating\" data-id=\"ee12fda\" data-element_type=\"widget\" data-widget_type=\"star-rating.default\">\n\t\t\t\t<div class=\"elementor-widget-container\">\n\t\t\t\n\t\t<div class=\"elementor-star-rating__wrapper\">\n\t\t\t\t\t\t<div class=\"elementor-star-rating\" title=\"5\/5\" itemtype=\"http:\/\/schema.org\/Rating\" itemscope=\"\" itemprop=\"reviewRating\"><i class=\"elementor-star-full\">&#xE934;<\/i><i class=\"elementor-star-full\">&#xE934;<\/i><i class=\"elementor-star-full\">&#xE934;<\/i><i class=\"elementor-star-full\">&#xE934;<\/i><i class=\"elementor-star-full\">&#xE934;<\/i> <span itemprop=\"ratingValue\" class=\"elementor-screen-only\">5\/5<\/span><\/div>\t\t<\/div>\n\t\t\t\t<\/div>\n\t\t\t\t<\/div>\n\t\t\t\t<div class=\"elementor-element elementor-element-37d66d2 elementor-position-left elementor-view-default elementor-mobile-position-top elementor-vertical-align-top elementor-widget elementor-widget-icon-box\" data-id=\"37d66d2\" data-element_type=\"widget\" data-widget_type=\"icon-box.default\">\n\t\t\t\t<div class=\"elementor-widget-container\">\n\t\t\t\t\t<div class=\"elementor-icon-box-wrapper\">\n\t\t\t\t\t\t<div class=\"elementor-icon-box-icon\">\n\t\t\t\t<a class=\"elementor-icon elementor-animation-grow\" href=\"https:\/\/user-76347394-work.colibriwp.com\/etiquetex2021\/etx-impresa\/\">\n\t\t\t\t<i aria-hidden=\"true\" class=\"fas fa-tag\"><\/i>\t\t\t\t<\/a>\n\t\t\t<\/div>\n\t\t\t\t\t\t<div class=\"elementor-icon-box-content\">\n\t\t\t\t<h3 class=\"elementor-icon-box-title\">\n\t\t\t\t\t<a href=\"https:\/\/user-76347394-work.colibriwp.com\/etiquetex2021\/etx-impresa\/\" >\n\t\t\t\t\t\tDobles o Sanduchadas\t\t\t\t\t<\/a>\n\t\t\t\t<\/h3>\n\t\t\t\t\t\t\t\t\t<p class=\"elementor-icon-box-description\">\n\t\t\t\t\t\tEstas etiquetas son las favoritas por el agregado que da al producto, est\u00e1 formado por dos capas de cartulina adheridas formando un solo cuerpo pudiendo ser impresas en un lado (tiro) o ambos lados (tiro y retiro). El acabado puede ser mate o brillante, corte recto o troquelado y perforada para una f\u00e1cil aplicaci\u00f3n.\t\t\t\t\t<\/p>\n\t\t\t\t\t\t\t<\/div>\n\t\t<\/div>\n\t\t\t\t<\/div>\n\t\t\t\t<\/div>\n\t\t\t\t\t<\/div>\n\t\t<\/div>\n\t\t\t\t\t\t\t<\/div>\n\t\t<\/section>\n\t\t\t\t\t\t\t<\/div>\n\t\t","protected":false},"excerpt":{"rendered":"<p>Etiquetas hangtag\/colgantes Nuestras\u00a0etiquetas hang tag est\u00e1n personalizadas 100%. Las etiquetas colgantes para Ropa (Hang Tag), son el realce justo para colocar y diferenciar t\u00fa marca, mostrando las principales cualidades y generando un v\u00ednculo emocional con su cliente. Previous Next Dise\u00f1o Cada dise\u00f1o de etiqueta est\u00e1 personalizado al 100%. El material [&hellip;]<\/p>\n","protected":false},"author":1,"featured_media":0,"parent":0,"menu_order":0,"comment_status":"closed","ping_status":"closed","template":"elementor_header_footer","meta":{"_joinchat":[],"footnotes":""},"class_list":["post-1603","page","type-page","status-publish","hentry"],"_links":{"self":[{"href":"https:\/\/user-76347394-work.colibriwp.com\/etiquetex2021\/wp-json\/wp\/v2\/pages\/1603","targetHints":{"allow":["GET"]}}],"collection":[{"href":"https:\/\/user-76347394-work.colibriwp.com\/etiquetex2021\/wp-json\/wp\/v2\/pages"}],"about":[{"href":"https:\/\/user-76347394-work.colibriwp.com\/etiquetex2021\/wp-json\/wp\/v2\/types\/page"}],"author":[{"embeddable":true,"href":"https:\/\/user-76347394-work.colibriwp.com\/etiquetex2021\/wp-json\/wp\/v2\/users\/1"}],"replies":[{"embeddable":true,"href":"https:\/\/user-76347394-work.colibriwp.com\/etiquetex2021\/wp-json\/wp\/v2\/comments?post=1603"}],"version-history":[{"count":25,"href":"https:\/\/user-76347394-work.colibriwp.com\/etiquetex2021\/wp-json\/wp\/v2\/pages\/1603\/revisions"}],"predecessor-version":[{"id":2071,"href":"https:\/\/user-76347394-work.colibriwp.com\/etiquetex2021\/wp-json\/wp\/v2\/pages\/1603\/revisions\/2071"}],"wp:attachment":[{"href":"https:\/\/user-76347394-work.colibriwp.com\/etiquetex2021\/wp-json\/wp\/v2\/media?parent=1603"}],"curies":[{"name":"wp","href":"https:\/\/api.w.org\/{rel}","templated":true}]}}