{"id":249,"date":"2021-06-03T15:31:56","date_gmt":"2021-06-03T15:31:56","guid":{"rendered":"https:\/\/user-76347394-work.colibriwp.com\/etiquetex2021\/?page_id=249"},"modified":"2022-09-27T13:14:46","modified_gmt":"2022-09-27T18:14:46","slug":"nosotros","status":"publish","type":"page","link":"https:\/\/user-76347394-work.colibriwp.com\/etiquetex2021\/nosotros\/","title":{"rendered":"NOSOTROS"},"content":{"rendered":"\t\t<div data-elementor-type=\"wp-page\" data-elementor-id=\"249\" class=\"elementor elementor-249\">\n\t\t\t\t\t\t\t\t\t<section class=\"elementor-section elementor-top-section elementor-element elementor-element-33e08649 elementor-section-content-middle elementor-section-boxed elementor-section-height-default elementor-section-height-default\" data-id=\"33e08649\" data-element_type=\"section\">\n\t\t\t\t\t\t<div class=\"elementor-container elementor-column-gap-no\">\n\t\t\t\t\t<div class=\"elementor-column elementor-col-100 elementor-top-column elementor-element elementor-element-3c72f3b0\" data-id=\"3c72f3b0\" data-element_type=\"column\">\n\t\t\t<div class=\"elementor-widget-wrap elementor-element-populated\">\n\t\t\t\t\t\t\t\t<div class=\"elementor-element elementor-element-1feebd9e elementor-widget elementor-widget-heading\" data-id=\"1feebd9e\" data-element_type=\"widget\" data-widget_type=\"heading.default\">\n\t\t\t\t<div class=\"elementor-widget-container\">\n\t\t\t<h3 class=\"elementor-heading-title elementor-size-default\">ETIQUETEX S.A<\/h3>\t\t<\/div>\n\t\t\t\t<\/div>\n\t\t\t\t<div class=\"elementor-element elementor-element-5a2c7939 elementor-widget elementor-widget-text-editor\" data-id=\"5a2c7939\" data-element_type=\"widget\" data-widget_type=\"text-editor.default\">\n\t\t\t\t<div class=\"elementor-widget-container\">\n\t\t\t\t\t\t\t<p><span>ETIQUETEX S.A. compa\u00f1\u00eda ecuatoriana; pionera en &nbsp;la fabricaci\u00f3n de etiquetas textiles, creada en 1.981, con m\u00e1s de 40 a\u00f1os de constante evoluci\u00f3n y crecimiento.<\/span><\/p>\t\t\t\t\t\t<\/div>\n\t\t\t\t<\/div>\n\t\t\t\t<section class=\"elementor-section elementor-inner-section elementor-element elementor-element-45c1ef61 elementor-section-boxed elementor-section-height-default elementor-section-height-default\" data-id=\"45c1ef61\" data-element_type=\"section\">\n\t\t\t\t\t\t<div class=\"elementor-container elementor-column-gap-default\">\n\t\t\t\t\t<div class=\"elementor-column elementor-col-50 elementor-inner-column elementor-element elementor-element-3bc2630c\" data-id=\"3bc2630c\" data-element_type=\"column\">\n\t\t\t<div class=\"elementor-widget-wrap elementor-element-populated\">\n\t\t\t\t\t\t\t\t<div class=\"elementor-element elementor-element-44f24240 elementor-widget elementor-widget-text-editor\" data-id=\"44f24240\" data-element_type=\"widget\" data-widget_type=\"text-editor.default\">\n\t\t\t\t<div class=\"elementor-widget-container\">\n\t\t\t\t\t\t\t<p><\/p>\n<p><span>Producimos todo tipo de etiquetas\u00a0 para el sector textil-confecci\u00f3n, marroquiner\u00eda, calzado etc, \u00a0adem\u00e1s de ser una \u00a0excelente opci\u00f3n\u00a0 en campa\u00f1as pol\u00edticas y publicitarias. <\/span><\/p>\t\t\t\t\t\t<\/div>\n\t\t\t\t<\/div>\n\t\t\t\t\t<\/div>\n\t\t<\/div>\n\t\t\t\t<div class=\"elementor-column elementor-col-50 elementor-inner-column elementor-element elementor-element-74f1b42e\" data-id=\"74f1b42e\" data-element_type=\"column\">\n\t\t\t<div class=\"elementor-widget-wrap elementor-element-populated\">\n\t\t\t\t\t\t\t\t<div class=\"elementor-element elementor-element-682969f2 elementor-widget elementor-widget-text-editor\" data-id=\"682969f2\" data-element_type=\"widget\" data-widget_type=\"text-editor.default\">\n\t\t\t\t<div class=\"elementor-widget-container\">\n\t\t\t\t\t\t\t<p>Su aplicaci\u00f3n es variada: <strong>confecci\u00f3n<\/strong> (camisas, polos, pantalones, chompas), ropa infantil hasta ropa blanca <strong>hogar<\/strong>, colchones,\u00a0 <strong>accesorios de vestir<\/strong> (bolsos, cinturones, zapatos), <strong>madera<\/strong> (muebles, sillas.), <strong>publicitaria<\/strong> (pulseras tejidas, cintas porta identificaciones y porta celulares).<\/p>\t\t\t\t\t\t<\/div>\n\t\t\t\t<\/div>\n\t\t\t\t\t<\/div>\n\t\t<\/div>\n\t\t\t\t\t\t\t<\/div>\n\t\t<\/section>\n\t\t\t\t\t<\/div>\n\t\t<\/div>\n\t\t\t\t\t\t\t<\/div>\n\t\t<\/section>\n\t\t\t\t<section class=\"elementor-section elementor-top-section elementor-element elementor-element-4871de9a elementor-section-content-middle elementor-section-boxed elementor-section-height-default elementor-section-height-default\" data-id=\"4871de9a\" data-element_type=\"section\">\n\t\t\t\t\t\t<div class=\"elementor-container elementor-column-gap-no\">\n\t\t\t\t\t<div class=\"elementor-column elementor-col-50 elementor-top-column elementor-element elementor-element-64a4692d\" data-id=\"64a4692d\" data-element_type=\"column\">\n\t\t\t<div class=\"elementor-widget-wrap elementor-element-populated\">\n\t\t\t\t\t\t\t\t<div class=\"elementor-element elementor-element-20f9c1ba elementor-widget elementor-widget-image\" data-id=\"20f9c1ba\" data-element_type=\"widget\" data-widget_type=\"image.default\">\n\t\t\t\t<div class=\"elementor-widget-container\">\n\t\t\t\t\t\t\t\t\t\t\t\t\t\t\t<img loading=\"lazy\" decoding=\"async\" width=\"640\" height=\"960\" src=\"https:\/\/user-76347394-work.colibriwp.com\/etiquetex2021\/wp-content\/uploads\/2022\/09\/mision.jpg\" class=\"attachment-full size-full\" alt=\"\" srcset=\"https:\/\/user-76347394-work.colibriwp.com\/etiquetex2021\/wp-content\/uploads\/2022\/09\/mision.jpg 640w, https:\/\/user-76347394-work.colibriwp.com\/etiquetex2021\/wp-content\/uploads\/2022\/09\/mision-200x300.jpg 200w\" sizes=\"auto, (max-width: 640px) 100vw, 640px\" \/>\t\t\t\t\t\t\t\t\t\t\t\t\t\t\t<\/div>\n\t\t\t\t<\/div>\n\t\t\t\t\t<\/div>\n\t\t<\/div>\n\t\t\t\t<div class=\"elementor-column elementor-col-50 elementor-top-column elementor-element elementor-element-4aee455\" data-id=\"4aee455\" data-element_type=\"column\">\n\t\t\t<div class=\"elementor-widget-wrap elementor-element-populated\">\n\t\t\t\t\t\t\t\t<div class=\"elementor-element elementor-element-4c0e48b1 elementor-widget elementor-widget-heading\" data-id=\"4c0e48b1\" data-element_type=\"widget\" data-widget_type=\"heading.default\">\n\t\t\t\t<div class=\"elementor-widget-container\">\n\t\t\t<h4 class=\"elementor-heading-title elementor-size-default\">Nuestra Visi\u00f3n<\/h4>\t\t<\/div>\n\t\t\t\t<\/div>\n\t\t\t\t<div class=\"elementor-element elementor-element-534a599a elementor-widget elementor-widget-text-editor\" data-id=\"534a599a\" data-element_type=\"widget\" data-widget_type=\"text-editor.default\">\n\t\t\t\t<div class=\"elementor-widget-container\">\n\t\t\t\t\t\t\t<p>Ser reconocida como la empresa l\u00edder en el mercado nacional por clientes, empleados y proveedores, expandiendo su penetraci\u00f3n en todos los mercados posibles para situarnos como una empresa de constante y sostenido crecimiento.<\/p>\t\t\t\t\t\t<\/div>\n\t\t\t\t<\/div>\n\t\t\t\t<div class=\"elementor-element elementor-element-f640abe elementor-widget elementor-widget-heading\" data-id=\"f640abe\" data-element_type=\"widget\" data-widget_type=\"heading.default\">\n\t\t\t\t<div class=\"elementor-widget-container\">\n\t\t\t<h4 class=\"elementor-heading-title elementor-size-default\">Nuestra Misi\u00f3n<\/h4>\t\t<\/div>\n\t\t\t\t<\/div>\n\t\t\t\t<div class=\"elementor-element elementor-element-193f61e4 elementor-widget elementor-widget-text-editor\" data-id=\"193f61e4\" data-element_type=\"widget\" data-widget_type=\"text-editor.default\">\n\t\t\t\t<div class=\"elementor-widget-container\">\n\t\t\t\t\t\t\t<p>Ofrecer productos de calidad que agreguen valor para satisfacer las necesidades de nuestros clientes a trav\u00e9s de un servicio superior, consistente e innovador<\/p><p><strong>VALORES<\/strong><\/p><ul><li><span>\u00c9tica<\/span><\/li><li><span>Calidad<\/span><\/li><li><span>Compromiso con la organizaci\u00f3n<\/span><\/li><li><span>Comunicaci\u00f3n<\/span><\/li><li><span>Trabajo en Equipo<\/span><\/li><li><span>Responsabilidad Social<\/span><\/li><\/ul>\t\t\t\t\t\t<\/div>\n\t\t\t\t<\/div>\n\t\t\t\t\t<\/div>\n\t\t<\/div>\n\t\t\t\t\t\t\t<\/div>\n\t\t<\/section>\n\t\t\t\t\t\t\t<\/div>\n\t\t","protected":false},"excerpt":{"rendered":"<p>ETIQUETEX S.A ETIQUETEX S.A. compa\u00f1\u00eda ecuatoriana; pionera en &nbsp;la fabricaci\u00f3n de etiquetas textiles, creada en 1.981, con m\u00e1s de 40 a\u00f1os de constante evoluci\u00f3n y crecimiento. Producimos todo tipo de etiquetas\u00a0 para el sector textil-confecci\u00f3n, marroquiner\u00eda, calzado etc, \u00a0adem\u00e1s de ser una \u00a0excelente opci\u00f3n\u00a0 en campa\u00f1as pol\u00edticas y publicitarias. Su [&hellip;]<\/p>\n","protected":false},"author":1,"featured_media":0,"parent":0,"menu_order":0,"comment_status":"closed","ping_status":"closed","template":"","meta":{"_joinchat":[],"footnotes":""},"class_list":["post-249","page","type-page","status-publish","hentry"],"_links":{"self":[{"href":"https:\/\/user-76347394-work.colibriwp.com\/etiquetex2021\/wp-json\/wp\/v2\/pages\/249","targetHints":{"allow":["GET"]}}],"collection":[{"href":"https:\/\/user-76347394-work.colibriwp.com\/etiquetex2021\/wp-json\/wp\/v2\/pages"}],"about":[{"href":"https:\/\/user-76347394-work.colibriwp.com\/etiquetex2021\/wp-json\/wp\/v2\/types\/page"}],"author":[{"embeddable":true,"href":"https:\/\/user-76347394-work.colibriwp.com\/etiquetex2021\/wp-json\/wp\/v2\/users\/1"}],"replies":[{"embeddable":true,"href":"https:\/\/user-76347394-work.colibriwp.com\/etiquetex2021\/wp-json\/wp\/v2\/comments?post=249"}],"version-history":[{"count":29,"href":"https:\/\/user-76347394-work.colibriwp.com\/etiquetex2021\/wp-json\/wp\/v2\/pages\/249\/revisions"}],"predecessor-version":[{"id":1961,"href":"https:\/\/user-76347394-work.colibriwp.com\/etiquetex2021\/wp-json\/wp\/v2\/pages\/249\/revisions\/1961"}],"wp:attachment":[{"href":"https:\/\/user-76347394-work.colibriwp.com\/etiquetex2021\/wp-json\/wp\/v2\/media?parent=249"}],"curies":[{"name":"wp","href":"https:\/\/api.w.org\/{rel}","templated":true}]}}