{"id":504,"date":"2021-08-05T20:02:34","date_gmt":"2021-08-05T20:02:34","guid":{"rendered":"https:\/\/user-76347394-work.colibriwp.com\/etiquetex2021\/?page_id=504"},"modified":"2022-09-27T11:48:25","modified_gmt":"2022-09-27T16:48:25","slug":"etiquetex-premium","status":"publish","type":"page","link":"https:\/\/user-76347394-work.colibriwp.com\/etiquetex2021\/etiquetex-premium\/","title":{"rendered":"ETIQUETEX PREMIUM"},"content":{"rendered":"\t\t<div data-elementor-type=\"wp-page\" data-elementor-id=\"504\" class=\"elementor elementor-504\">\n\t\t\t\t\t\t\t\t\t<section class=\"elementor-section elementor-top-section elementor-element elementor-element-510dedb2 elementor-section-boxed elementor-section-height-default elementor-section-height-default\" data-id=\"510dedb2\" data-element_type=\"section\" data-settings=\"{&quot;background_background&quot;:&quot;classic&quot;}\">\n\t\t\t\t\t\t<div class=\"elementor-container elementor-column-gap-default\">\n\t\t\t\t\t<div class=\"elementor-column elementor-col-100 elementor-top-column elementor-element elementor-element-415dd458\" data-id=\"415dd458\" data-element_type=\"column\">\n\t\t\t<div class=\"elementor-widget-wrap elementor-element-populated\">\n\t\t\t\t\t\t\t\t<div class=\"elementor-element elementor-element-5d84e0c elementor-widget elementor-widget-heading\" data-id=\"5d84e0c\" data-element_type=\"widget\" data-widget_type=\"heading.default\">\n\t\t\t\t<div class=\"elementor-widget-container\">\n\t\t\t<h1 class=\"elementor-heading-title elementor-size-large\">Etiquetas tejidas <strong>premium.<\/strong><\/h1>\t\t<\/div>\n\t\t\t\t<\/div>\n\t\t\t\t<div class=\"elementor-element elementor-element-61581fcc elementor-widget elementor-widget-image\" data-id=\"61581fcc\" data-element_type=\"widget\" data-widget_type=\"image.default\">\n\t\t\t\t<div class=\"elementor-widget-container\">\n\t\t\t\t\t\t\t\t\t\t\t\t\t\t\t<img decoding=\"async\" src=\"https:\/\/user-76347394-work.colibriwp.com\/etiquetex2021\/wp-content\/uploads\/elementor\/thumbs\/ETIQUETAS-PREMIUM-ph9o8rejyby7vcs4pdaywg5e08tvnjhwfeaf6dgq5s.jpg\" title=\"ETIQUETAS PREMIUM\" alt=\"ETIQUETAS PREMIUM\" \/>\t\t\t\t\t\t\t\t\t\t\t\t\t\t\t<\/div>\n\t\t\t\t<\/div>\n\t\t\t\t<div class=\"elementor-element elementor-element-3bd9727b elementor-widget elementor-widget-text-editor\" data-id=\"3bd9727b\" data-element_type=\"widget\" data-widget_type=\"text-editor.default\">\n\t\t\t\t<div class=\"elementor-widget-container\">\n\t\t\t\t\t\t\t<p><span>Al unir alta densidad e hilos extremamente delgados dan como resultado\u00a0 <\/span><strong>Etiquetex Premium<\/strong><span>, una etiqueta que logra la suavidad\u00a0 buscada con una definici\u00f3n incre\u00edble, lograr distinguir textos min\u00fasculos ya no son un problema, colores puros y una calidad inigualable a la vez que podemos lograr alto relieve en el tejido.<\/span><\/p><p><span>La utilizaci\u00f3n de hilos m\u00e1s delgadas favorece la realizaci\u00f3n de tejidos los cuales por su definici\u00f3n no sabr\u00e1s si son tejidas o impresas.<\/span><\/p>\t\t\t\t\t\t<\/div>\n\t\t\t\t<\/div>\n\t\t\t\t\t<\/div>\n\t\t<\/div>\n\t\t\t\t\t\t\t<\/div>\n\t\t<\/section>\n\t\t\t\t<section class=\"elementor-section elementor-top-section elementor-element elementor-element-1903aca elementor-section-boxed elementor-section-height-default elementor-section-height-default\" data-id=\"1903aca\" data-element_type=\"section\">\n\t\t\t\t\t\t<div class=\"elementor-container elementor-column-gap-default\">\n\t\t\t\t\t<div class=\"elementor-column elementor-col-100 elementor-top-column elementor-element elementor-element-e134410\" data-id=\"e134410\" data-element_type=\"column\">\n\t\t\t<div class=\"elementor-widget-wrap elementor-element-populated\">\n\t\t\t\t\t\t\t\t<div class=\"elementor-element elementor-element-ad31a37 elementor-arrows-position-inside elementor-pagination-position-outside elementor-widget elementor-widget-image-carousel\" data-id=\"ad31a37\" data-element_type=\"widget\" data-settings=\"{&quot;slides_to_show&quot;:&quot;3&quot;,&quot;slides_to_scroll&quot;:&quot;1&quot;,&quot;navigation&quot;:&quot;both&quot;,&quot;autoplay&quot;:&quot;yes&quot;,&quot;pause_on_hover&quot;:&quot;yes&quot;,&quot;pause_on_interaction&quot;:&quot;yes&quot;,&quot;autoplay_speed&quot;:5000,&quot;infinite&quot;:&quot;yes&quot;,&quot;speed&quot;:500}\" data-widget_type=\"image-carousel.default\">\n\t\t\t\t<div class=\"elementor-widget-container\">\n\t\t\t\t\t<div class=\"elementor-image-carousel-wrapper swiper-container\" dir=\"ltr\">\n\t\t\t<div class=\"elementor-image-carousel swiper-wrapper\">\n\t\t\t\t\t\t\t\t<div class=\"swiper-slide\"><a data-elementor-open-lightbox=\"yes\" data-elementor-lightbox-slideshow=\"ad31a37\" data-elementor-lightbox-title=\"FOTOS WEB 2-08\" e-action-hash=\"#elementor-action%3Aaction%3Dlightbox%26settings%3DeyJpZCI6OTg1LCJ1cmwiOiJodHRwczpcL1wvdXNlci03NjM0NzM5NC13b3JrLmNvbGlicml3cC5jb21cL2V0aXF1ZXRleDIwMjFcL3dwLWNvbnRlbnRcL3VwbG9hZHNcLzIwMjFcLzEyXC9GT1RPUy1XRUItMi0wOC5qcGciLCJzbGlkZXNob3ciOiJhZDMxYTM3In0%3D\" href=\"https:\/\/user-76347394-work.colibriwp.com\/etiquetex2021\/wp-content\/uploads\/2021\/12\/FOTOS-WEB-2-08.jpg\"><figure class=\"swiper-slide-inner\"><img decoding=\"async\" class=\"swiper-slide-image\" src=\"https:\/\/user-76347394-work.colibriwp.com\/etiquetex2021\/wp-content\/uploads\/2021\/12\/FOTOS-WEB-2-08-1024x1024.jpg\" alt=\"FOTOS WEB 2-08\" \/><\/figure><\/a><\/div><div class=\"swiper-slide\"><a data-elementor-open-lightbox=\"yes\" data-elementor-lightbox-slideshow=\"ad31a37\" data-elementor-lightbox-title=\"FOTOS WEB-37\" e-action-hash=\"#elementor-action%3Aaction%3Dlightbox%26settings%3DeyJpZCI6ODk4LCJ1cmwiOiJodHRwczpcL1wvdXNlci03NjM0NzM5NC13b3JrLmNvbGlicml3cC5jb21cL2V0aXF1ZXRleDIwMjFcL3dwLWNvbnRlbnRcL3VwbG9hZHNcLzIwMjFcLzEyXC9GT1RPUy1XRUItMzcuanBnIiwic2xpZGVzaG93IjoiYWQzMWEzNyJ9\" href=\"https:\/\/user-76347394-work.colibriwp.com\/etiquetex2021\/wp-content\/uploads\/2021\/12\/FOTOS-WEB-37.jpg\"><figure class=\"swiper-slide-inner\"><img decoding=\"async\" class=\"swiper-slide-image\" src=\"https:\/\/user-76347394-work.colibriwp.com\/etiquetex2021\/wp-content\/uploads\/2021\/12\/FOTOS-WEB-37-1024x1024.jpg\" alt=\"FOTOS WEB-37\" \/><\/figure><\/a><\/div><div class=\"swiper-slide\"><a data-elementor-open-lightbox=\"yes\" data-elementor-lightbox-slideshow=\"ad31a37\" data-elementor-lightbox-title=\"FOTOS WEB-35\" e-action-hash=\"#elementor-action%3Aaction%3Dlightbox%26settings%3DeyJpZCI6ODk2LCJ1cmwiOiJodHRwczpcL1wvdXNlci03NjM0NzM5NC13b3JrLmNvbGlicml3cC5jb21cL2V0aXF1ZXRleDIwMjFcL3dwLWNvbnRlbnRcL3VwbG9hZHNcLzIwMjFcLzEyXC9GT1RPUy1XRUItMzUuanBnIiwic2xpZGVzaG93IjoiYWQzMWEzNyJ9\" href=\"https:\/\/user-76347394-work.colibriwp.com\/etiquetex2021\/wp-content\/uploads\/2021\/12\/FOTOS-WEB-35.jpg\"><figure class=\"swiper-slide-inner\"><img decoding=\"async\" class=\"swiper-slide-image\" src=\"https:\/\/user-76347394-work.colibriwp.com\/etiquetex2021\/wp-content\/uploads\/2021\/12\/FOTOS-WEB-35-1024x1024.jpg\" alt=\"FOTOS WEB-35\" \/><\/figure><\/a><\/div><div class=\"swiper-slide\"><a data-elementor-open-lightbox=\"yes\" data-elementor-lightbox-slideshow=\"ad31a37\" data-elementor-lightbox-title=\"FOTOS WEB-19\" e-action-hash=\"#elementor-action%3Aaction%3Dlightbox%26settings%3DeyJpZCI6ODgwLCJ1cmwiOiJodHRwczpcL1wvdXNlci03NjM0NzM5NC13b3JrLmNvbGlicml3cC5jb21cL2V0aXF1ZXRleDIwMjFcL3dwLWNvbnRlbnRcL3VwbG9hZHNcLzIwMjFcLzEyXC9GT1RPUy1XRUItMTkuanBnIiwic2xpZGVzaG93IjoiYWQzMWEzNyJ9\" href=\"https:\/\/user-76347394-work.colibriwp.com\/etiquetex2021\/wp-content\/uploads\/2021\/12\/FOTOS-WEB-19.jpg\"><figure class=\"swiper-slide-inner\"><img decoding=\"async\" class=\"swiper-slide-image\" src=\"https:\/\/user-76347394-work.colibriwp.com\/etiquetex2021\/wp-content\/uploads\/2021\/12\/FOTOS-WEB-19-1024x1024.jpg\" alt=\"FOTOS WEB-19\" \/><\/figure><\/a><\/div><div class=\"swiper-slide\"><a data-elementor-open-lightbox=\"yes\" data-elementor-lightbox-slideshow=\"ad31a37\" data-elementor-lightbox-title=\"FOTOS WEB-14\" e-action-hash=\"#elementor-action%3Aaction%3Dlightbox%26settings%3DeyJpZCI6ODc1LCJ1cmwiOiJodHRwczpcL1wvdXNlci03NjM0NzM5NC13b3JrLmNvbGlicml3cC5jb21cL2V0aXF1ZXRleDIwMjFcL3dwLWNvbnRlbnRcL3VwbG9hZHNcLzIwMjFcLzEyXC9GT1RPUy1XRUItMTQuanBnIiwic2xpZGVzaG93IjoiYWQzMWEzNyJ9\" href=\"https:\/\/user-76347394-work.colibriwp.com\/etiquetex2021\/wp-content\/uploads\/2021\/12\/FOTOS-WEB-14.jpg\"><figure class=\"swiper-slide-inner\"><img decoding=\"async\" class=\"swiper-slide-image\" src=\"https:\/\/user-76347394-work.colibriwp.com\/etiquetex2021\/wp-content\/uploads\/2021\/12\/FOTOS-WEB-14-1024x1024.jpg\" alt=\"FOTOS WEB-14\" \/><\/figure><\/a><\/div><div class=\"swiper-slide\"><a data-elementor-open-lightbox=\"yes\" data-elementor-lightbox-slideshow=\"ad31a37\" data-elementor-lightbox-title=\"FOTOS WEB-17\" e-action-hash=\"#elementor-action%3Aaction%3Dlightbox%26settings%3DeyJpZCI6ODc4LCJ1cmwiOiJodHRwczpcL1wvdXNlci03NjM0NzM5NC13b3JrLmNvbGlicml3cC5jb21cL2V0aXF1ZXRleDIwMjFcL3dwLWNvbnRlbnRcL3VwbG9hZHNcLzIwMjFcLzEyXC9GT1RPUy1XRUItMTcuanBnIiwic2xpZGVzaG93IjoiYWQzMWEzNyJ9\" href=\"https:\/\/user-76347394-work.colibriwp.com\/etiquetex2021\/wp-content\/uploads\/2021\/12\/FOTOS-WEB-17.jpg\"><figure class=\"swiper-slide-inner\"><img decoding=\"async\" class=\"swiper-slide-image\" src=\"https:\/\/user-76347394-work.colibriwp.com\/etiquetex2021\/wp-content\/uploads\/2021\/12\/FOTOS-WEB-17-1024x1024.jpg\" alt=\"FOTOS WEB-17\" \/><\/figure><\/a><\/div><div class=\"swiper-slide\"><a data-elementor-open-lightbox=\"yes\" data-elementor-lightbox-slideshow=\"ad31a37\" data-elementor-lightbox-title=\"FOTOS WEB-18\" e-action-hash=\"#elementor-action%3Aaction%3Dlightbox%26settings%3DeyJpZCI6ODc5LCJ1cmwiOiJodHRwczpcL1wvdXNlci03NjM0NzM5NC13b3JrLmNvbGlicml3cC5jb21cL2V0aXF1ZXRleDIwMjFcL3dwLWNvbnRlbnRcL3VwbG9hZHNcLzIwMjFcLzEyXC9GT1RPUy1XRUItMTguanBnIiwic2xpZGVzaG93IjoiYWQzMWEzNyJ9\" href=\"https:\/\/user-76347394-work.colibriwp.com\/etiquetex2021\/wp-content\/uploads\/2021\/12\/FOTOS-WEB-18.jpg\"><figure class=\"swiper-slide-inner\"><img decoding=\"async\" class=\"swiper-slide-image\" src=\"https:\/\/user-76347394-work.colibriwp.com\/etiquetex2021\/wp-content\/uploads\/2021\/12\/FOTOS-WEB-18-1024x1024.jpg\" alt=\"FOTOS WEB-18\" \/><\/figure><\/a><\/div><div class=\"swiper-slide\"><a data-elementor-open-lightbox=\"yes\" data-elementor-lightbox-slideshow=\"ad31a37\" data-elementor-lightbox-title=\"FOTOS WEB-12\" e-action-hash=\"#elementor-action%3Aaction%3Dlightbox%26settings%3DeyJpZCI6ODczLCJ1cmwiOiJodHRwczpcL1wvdXNlci03NjM0NzM5NC13b3JrLmNvbGlicml3cC5jb21cL2V0aXF1ZXRleDIwMjFcL3dwLWNvbnRlbnRcL3VwbG9hZHNcLzIwMjFcLzEyXC9GT1RPUy1XRUItMTIuanBnIiwic2xpZGVzaG93IjoiYWQzMWEzNyJ9\" href=\"https:\/\/user-76347394-work.colibriwp.com\/etiquetex2021\/wp-content\/uploads\/2021\/12\/FOTOS-WEB-12.jpg\"><figure class=\"swiper-slide-inner\"><img decoding=\"async\" class=\"swiper-slide-image\" src=\"https:\/\/user-76347394-work.colibriwp.com\/etiquetex2021\/wp-content\/uploads\/2021\/12\/FOTOS-WEB-12-1024x1024.jpg\" alt=\"FOTOS WEB-12\" \/><\/figure><\/a><\/div><div class=\"swiper-slide\"><a data-elementor-open-lightbox=\"yes\" data-elementor-lightbox-slideshow=\"ad31a37\" data-elementor-lightbox-title=\"FOTOS WEB-06\" e-action-hash=\"#elementor-action%3Aaction%3Dlightbox%26settings%3DeyJpZCI6ODY3LCJ1cmwiOiJodHRwczpcL1wvdXNlci03NjM0NzM5NC13b3JrLmNvbGlicml3cC5jb21cL2V0aXF1ZXRleDIwMjFcL3dwLWNvbnRlbnRcL3VwbG9hZHNcLzIwMjFcLzEyXC9GT1RPUy1XRUItMDYuanBnIiwic2xpZGVzaG93IjoiYWQzMWEzNyJ9\" href=\"https:\/\/user-76347394-work.colibriwp.com\/etiquetex2021\/wp-content\/uploads\/2021\/12\/FOTOS-WEB-06.jpg\"><figure class=\"swiper-slide-inner\"><img decoding=\"async\" class=\"swiper-slide-image\" src=\"https:\/\/user-76347394-work.colibriwp.com\/etiquetex2021\/wp-content\/uploads\/2021\/12\/FOTOS-WEB-06-1024x1024.jpg\" alt=\"FOTOS WEB-06\" \/><\/figure><\/a><\/div><div class=\"swiper-slide\"><a data-elementor-open-lightbox=\"yes\" data-elementor-lightbox-slideshow=\"ad31a37\" data-elementor-lightbox-title=\"FOTOS WEB-03\" e-action-hash=\"#elementor-action%3Aaction%3Dlightbox%26settings%3DeyJpZCI6ODY0LCJ1cmwiOiJodHRwczpcL1wvdXNlci03NjM0NzM5NC13b3JrLmNvbGlicml3cC5jb21cL2V0aXF1ZXRleDIwMjFcL3dwLWNvbnRlbnRcL3VwbG9hZHNcLzIwMjFcLzEyXC9GT1RPUy1XRUItMDMuanBnIiwic2xpZGVzaG93IjoiYWQzMWEzNyJ9\" href=\"https:\/\/user-76347394-work.colibriwp.com\/etiquetex2021\/wp-content\/uploads\/2021\/12\/FOTOS-WEB-03.jpg\"><figure class=\"swiper-slide-inner\"><img decoding=\"async\" class=\"swiper-slide-image\" src=\"https:\/\/user-76347394-work.colibriwp.com\/etiquetex2021\/wp-content\/uploads\/2021\/12\/FOTOS-WEB-03-1024x1024.jpg\" alt=\"FOTOS WEB-03\" \/><\/figure><\/a><\/div><div class=\"swiper-slide\"><a data-elementor-open-lightbox=\"yes\" data-elementor-lightbox-slideshow=\"ad31a37\" data-elementor-lightbox-title=\"FOTOS WEB_Mesa de trabajo 1\" e-action-hash=\"#elementor-action%3Aaction%3Dlightbox%26settings%3DeyJpZCI6ODYyLCJ1cmwiOiJodHRwczpcL1wvdXNlci03NjM0NzM5NC13b3JrLmNvbGlicml3cC5jb21cL2V0aXF1ZXRleDIwMjFcL3dwLWNvbnRlbnRcL3VwbG9hZHNcLzIwMjFcLzEyXC9GT1RPUy1XRUJfTWVzYS1kZS10cmFiYWpvLTEuanBnIiwic2xpZGVzaG93IjoiYWQzMWEzNyJ9\" href=\"https:\/\/user-76347394-work.colibriwp.com\/etiquetex2021\/wp-content\/uploads\/2021\/12\/FOTOS-WEB_Mesa-de-trabajo-1.jpg\"><figure class=\"swiper-slide-inner\"><img decoding=\"async\" class=\"swiper-slide-image\" src=\"https:\/\/user-76347394-work.colibriwp.com\/etiquetex2021\/wp-content\/uploads\/2021\/12\/FOTOS-WEB_Mesa-de-trabajo-1-1024x1024.jpg\" alt=\"FOTOS WEB_Mesa de trabajo 1\" \/><\/figure><\/a><\/div>\t\t\t<\/div>\n\t\t\t\t\t\t\t\t\t\t\t\t<div class=\"swiper-pagination\"><\/div>\n\t\t\t\t\t\t\t\t\t\t\t\t\t<div class=\"elementor-swiper-button elementor-swiper-button-prev\">\n\t\t\t\t\t\t<i aria-hidden=\"true\" class=\"eicon-chevron-left\"><\/i>\t\t\t\t\t\t<span class=\"elementor-screen-only\">Previous<\/span>\n\t\t\t\t\t<\/div>\n\t\t\t\t\t<div class=\"elementor-swiper-button elementor-swiper-button-next\">\n\t\t\t\t\t\t<i aria-hidden=\"true\" class=\"eicon-chevron-right\"><\/i>\t\t\t\t\t\t<span class=\"elementor-screen-only\">Next<\/span>\n\t\t\t\t\t<\/div>\n\t\t\t\t\t\t\t\t\t<\/div>\n\t\t\t\t<\/div>\n\t\t\t\t<\/div>\n\t\t\t\t\t<\/div>\n\t\t<\/div>\n\t\t\t\t\t\t\t<\/div>\n\t\t<\/section>\n\t\t\t\t<section class=\"elementor-section elementor-top-section elementor-element elementor-element-44ae209e elementor-section-content-middle elementor-section-boxed elementor-section-height-default elementor-section-height-default\" data-id=\"44ae209e\" data-element_type=\"section\" data-settings=\"{&quot;background_background&quot;:&quot;classic&quot;}\">\n\t\t\t\t\t\t<div class=\"elementor-container elementor-column-gap-default\">\n\t\t\t\t\t<div class=\"elementor-column elementor-col-50 elementor-top-column elementor-element elementor-element-1752bf09\" data-id=\"1752bf09\" data-element_type=\"column\">\n\t\t\t<div class=\"elementor-widget-wrap elementor-element-populated\">\n\t\t\t\t\t\t\t\t<div class=\"elementor-element elementor-element-5f1a72 elementor-widget elementor-widget-heading\" data-id=\"5f1a72\" data-element_type=\"widget\" data-widget_type=\"heading.default\">\n\t\t\t\t<div class=\"elementor-widget-container\">\n\t\t\t<h3 class=\"elementor-heading-title elementor-size-large\">Dise\u00f1o<\/h3>\t\t<\/div>\n\t\t\t\t<\/div>\n\t\t\t\t<div class=\"elementor-element elementor-element-3990e2dc elementor-widget elementor-widget-text-editor\" data-id=\"3990e2dc\" data-element_type=\"widget\" data-widget_type=\"text-editor.default\">\n\t\t\t\t<div class=\"elementor-widget-container\">\n\t\t\t\t\t\t\t<p>Crear tus etiquetas tejidas, ya sea para identificar tus pertenencias o dar a conocer tu marca, es muy sencillo.<\/p><ul><li>El primer paso a seguir es elegir el tama\u00f1o en el que deseas tejer tus etiquetas.\u00a0<\/li><\/ul>\t\t\t\t\t\t<\/div>\n\t\t\t\t<\/div>\n\t\t\t\t\t<\/div>\n\t\t<\/div>\n\t\t\t\t<div class=\"elementor-column elementor-col-50 elementor-top-column elementor-element elementor-element-b4c6eb5\" data-id=\"b4c6eb5\" data-element_type=\"column\">\n\t\t\t<div class=\"elementor-widget-wrap elementor-element-populated\">\n\t\t\t\t\t\t\t\t<div class=\"elementor-element elementor-element-52624182 elementor-widget elementor-widget-text-editor\" data-id=\"52624182\" data-element_type=\"widget\" data-widget_type=\"text-editor.default\">\n\t\t\t\t<div class=\"elementor-widget-container\">\n\t\t\t\t\t\t\t<ul><li>Seguidamente puedes escoger el color de fondo en el que deseas que tu etiqueta sea tejida. Tenemos una paleta de\u00a0<strong>+100 colores<\/strong>, incluidas tonalidades oscuras, claras y brillantes.\u00a0<\/li><li>Cada opci\u00f3n de color tiene un efecto suave que brilla ligeramente.<\/li><\/ul>\t\t\t\t\t\t<\/div>\n\t\t\t\t<\/div>\n\t\t\t\t\t<\/div>\n\t\t<\/div>\n\t\t\t\t\t\t\t<\/div>\n\t\t<\/section>\n\t\t\t\t<section class=\"elementor-section elementor-top-section elementor-element elementor-element-dd11907 elementor-section-content-middle elementor-section-boxed elementor-section-height-default elementor-section-height-default\" data-id=\"dd11907\" data-element_type=\"section\" data-settings=\"{&quot;background_background&quot;:&quot;classic&quot;}\">\n\t\t\t\t\t\t<div class=\"elementor-container elementor-column-gap-default\">\n\t\t\t\t\t<div class=\"elementor-column elementor-col-100 elementor-top-column elementor-element elementor-element-61055596\" data-id=\"61055596\" data-element_type=\"column\">\n\t\t\t<div class=\"elementor-widget-wrap elementor-element-populated\">\n\t\t\t\t\t\t\t\t<section class=\"elementor-section elementor-inner-section elementor-element elementor-element-7027c5a7 elementor-section-boxed elementor-section-height-default elementor-section-height-default\" data-id=\"7027c5a7\" data-element_type=\"section\">\n\t\t\t\t\t\t<div class=\"elementor-container elementor-column-gap-default\">\n\t\t\t\t\t<div class=\"elementor-column elementor-col-50 elementor-inner-column elementor-element elementor-element-3d0a1fc\" data-id=\"3d0a1fc\" data-element_type=\"column\">\n\t\t\t<div class=\"elementor-widget-wrap elementor-element-populated\">\n\t\t\t\t\t\t\t\t<div class=\"elementor-element elementor-element-189d346 elementor-widget elementor-widget-heading\" data-id=\"189d346\" data-element_type=\"widget\" data-widget_type=\"heading.default\">\n\t\t\t\t<div class=\"elementor-widget-container\">\n\t\t\t<h3 class=\"elementor-heading-title elementor-size-large\">Agrega a tus etiquetas<\/h3>\t\t<\/div>\n\t\t\t\t<\/div>\n\t\t\t\t<div class=\"elementor-element elementor-element-4b143b32 elementor-widget elementor-widget-text-editor\" data-id=\"4b143b32\" data-element_type=\"widget\" data-widget_type=\"text-editor.default\">\n\t\t\t\t<div class=\"elementor-widget-container\">\n\t\t\t\t\t\t\t<p><b>TEXTO BRILLANTE<\/b><\/p><p>Las<strong><span>\u00a0<\/span>Etiquetas tejidas con hilo Brillante<\/strong><span>\u00a0<\/span>a\u00f1aden glamour a tu dise\u00f1o. Selecciona de entre plata, oro, rojo, violeta y tornasol para crear una etiqueta \u00fanica.<\/p><p><b>ADHESIVO<\/b><\/p><p>A tus etiquetas las puedes solicitar tambi\u00e9n con <strong>adhesivo<\/strong>, tenemos dos tipos sea en fr\u00edo o al calor, dependiendo de tu producto.<\/p><p><strong>DOBLE PASADA<\/strong><\/p><p>Tambi\u00e9n puedes elegir la opci\u00f3n de <strong>doble pasada<\/strong>, el cual a\u00f1ade un efecto de alto relieve. De esta manera el color del fondo no se ve afectado por el color del texto.<\/p>\t\t\t\t\t\t<\/div>\n\t\t\t\t<\/div>\n\t\t\t\t\t<\/div>\n\t\t<\/div>\n\t\t\t\t<div class=\"elementor-column elementor-col-50 elementor-inner-column elementor-element elementor-element-2c535f47\" data-id=\"2c535f47\" data-element_type=\"column\">\n\t\t\t<div class=\"elementor-widget-wrap elementor-element-populated\">\n\t\t\t\t\t\t\t\t<div class=\"elementor-element elementor-element-5e23a940 elementor-aspect-ratio-169 elementor-widget elementor-widget-video\" data-id=\"5e23a940\" data-element_type=\"widget\" data-settings=\"{&quot;autoplay&quot;:&quot;yes&quot;,&quot;mute&quot;:&quot;yes&quot;,&quot;video_type&quot;:&quot;hosted&quot;,&quot;start&quot;:0,&quot;end&quot;:0,&quot;play_on_mobile&quot;:&quot;yes&quot;,&quot;loop&quot;:&quot;yes&quot;,&quot;controls&quot;:&quot;yes&quot;,&quot;aspect_ratio&quot;:&quot;169&quot;}\" data-widget_type=\"video.default\">\n\t\t\t\t<div class=\"elementor-widget-container\">\n\t\t\t\t\t<div class=\"e-hosted-video elementor-wrapper elementor-fit-aspect-ratio elementor-open-inline\">\n\t\t\t\t\t<video class=\"elementor-video\" src=\"https:\/\/user-76347394-work.colibriwp.com\/etiquetex2021\/wp-content\/uploads\/2022\/02\/QQ\u89c6\u989120210319172153_zfh72o.mp4\" autoplay=\"\" loop=\"\" controls=\"\" muted=\"muted\" playsinline=\"\" controlsList=\"nodownload\"><\/video>\n\t\t\t\t<\/div>\n\t\t\t\t<\/div>\n\t\t\t\t<\/div>\n\t\t\t\t\t<\/div>\n\t\t<\/div>\n\t\t\t\t\t\t\t<\/div>\n\t\t<\/section>\n\t\t\t\t<div class=\"elementor-element elementor-element-3231a235 elementor-widget-divider--view-line elementor-widget elementor-widget-divider\" data-id=\"3231a235\" data-element_type=\"widget\" data-widget_type=\"divider.default\">\n\t\t\t\t<div class=\"elementor-widget-container\">\n\t\t\t\t\t<div class=\"elementor-divider\">\n\t\t\t<span class=\"elementor-divider-separator\">\n\t\t\t\t\t\t<\/span>\n\t\t<\/div>\n\t\t\t\t<\/div>\n\t\t\t\t<\/div>\n\t\t\t\t\t<\/div>\n\t\t<\/div>\n\t\t\t\t\t\t\t<\/div>\n\t\t<\/section>\n\t\t\t\t\t\t\t<\/div>\n\t\t","protected":false},"excerpt":{"rendered":"<p>Etiquetas tejidas premium. Al unir alta densidad e hilos extremamente delgados dan como resultado\u00a0 Etiquetex Premium, una etiqueta que logra la suavidad\u00a0 buscada con una definici\u00f3n incre\u00edble, lograr distinguir textos min\u00fasculos ya no son un problema, colores puros y una calidad inigualable a la vez que podemos lograr alto relieve [&hellip;]<\/p>\n","protected":false},"author":1,"featured_media":0,"parent":0,"menu_order":0,"comment_status":"closed","ping_status":"closed","template":"elementor_header_footer","meta":{"_joinchat":[],"footnotes":""},"_links":{"self":[{"href":"https:\/\/user-76347394-work.colibriwp.com\/etiquetex2021\/wp-json\/wp\/v2\/pages\/504"}],"collection":[{"href":"https:\/\/user-76347394-work.colibriwp.com\/etiquetex2021\/wp-json\/wp\/v2\/pages"}],"about":[{"href":"https:\/\/user-76347394-work.colibriwp.com\/etiquetex2021\/wp-json\/wp\/v2\/types\/page"}],"author":[{"embeddable":true,"href":"https:\/\/user-76347394-work.colibriwp.com\/etiquetex2021\/wp-json\/wp\/v2\/users\/1"}],"replies":[{"embeddable":true,"href":"https:\/\/user-76347394-work.colibriwp.com\/etiquetex2021\/wp-json\/wp\/v2\/comments?post=504"}],"version-history":[{"count":36,"href":"https:\/\/user-76347394-work.colibriwp.com\/etiquetex2021\/wp-json\/wp\/v2\/pages\/504\/revisions"}],"predecessor-version":[{"id":1844,"href":"https:\/\/user-76347394-work.colibriwp.com\/etiquetex2021\/wp-json\/wp\/v2\/pages\/504\/revisions\/1844"}],"wp:attachment":[{"href":"https:\/\/user-76347394-work.colibriwp.com\/etiquetex2021\/wp-json\/wp\/v2\/media?parent=504"}],"curies":[{"name":"wp","href":"https:\/\/api.w.org\/{rel}","templated":true}]}}